{"id":177,"date":"2020-11-18T19:38:32","date_gmt":"2020-11-18T19:38:32","guid":{"rendered":"https:\/\/qiqinvestigacioneseducativas.com\/libreria\/?post_type=product&#038;p=177"},"modified":"2021-05-05T23:15:54","modified_gmt":"2021-05-05T23:15:54","slug":"imagen-lectura-rapida","status":"publish","type":"product","link":"https:\/\/qiqinvestigacioneseducativas.com\/libreria\/producto\/imagen-lectura-rapida\/","title":{"rendered":"Libro Imagen Lectura r\u00e1pida"},"content":{"rendered":"<p>Vista previa<\/p>\n<div class=\"_df_book df-lite\" id=\"df_227\"  _slug=\"lectura-rapida\" data-title=\"lectura-rapida\" wpoptions=\"true\" thumb=\"https:\/\/qiqinvestigacioneseducativas.com\/libreria\/wp-content\/uploads\/2020\/03\/portada_lectura_rapida-1.jpg\" thumbtype=\"\" ><\/div><script class=\"df-shortcode-script\" nowprocket type=\"application\/javascript\">window.option_df_227 = {\"outline\":[],\"autoEnableOutline\":\"false\",\"autoEnableThumbnail\":\"false\",\"overwritePDFOutline\":\"false\",\"direction\":\"1\",\"source\":\"https:\\\/\\\/qiqinvestigacioneseducativas.com\\\/libreria\\\/wp-content\\\/uploads\\\/2020\\\/11\\\/lectura_rapida_previo.pdf\",\"wpOptions\":\"true\"}; if(window.DFLIP && window.DFLIP.parseBooks){window.DFLIP.parseBooks();}<\/script>\n","protected":false},"excerpt":{"rendered":"<blockquote><p>Adquiere el libro y recibe certificado al duplicar tu velocidad de lectura<\/p><\/blockquote>\n<p>Es un texto dise\u00f1ado con conceptos, explicaciones de la t\u00e9cnica de imagen lectura y ejercicios para leer m\u00e1s r\u00e1pido y comprender al m\u00e1ximo.<\/p>\n","protected":false},"featured_media":179,"template":"","meta":[],"product_brand":[],"product_cat":[35],"product_tag":[],"class_list":{"0":"post-177","1":"product","2":"type-product","3":"status-publish","4":"has-post-thumbnail","6":"product_cat-educacion","8":"first","9":"instock","10":"shipping-taxable","11":"purchasable","12":"product-type-variable"},"_links":{"self":[{"href":"https:\/\/qiqinvestigacioneseducativas.com\/libreria\/wp-json\/wp\/v2\/product\/177","targetHints":{"allow":["GET"]}}],"collection":[{"href":"https:\/\/qiqinvestigacioneseducativas.com\/libreria\/wp-json\/wp\/v2\/product"}],"about":[{"href":"https:\/\/qiqinvestigacioneseducativas.com\/libreria\/wp-json\/wp\/v2\/types\/product"}],"wp:featuredmedia":[{"embeddable":true,"href":"https:\/\/qiqinvestigacioneseducativas.com\/libreria\/wp-json\/wp\/v2\/media\/179"}],"wp:attachment":[{"href":"https:\/\/qiqinvestigacioneseducativas.com\/libreria\/wp-json\/wp\/v2\/media?parent=177"}],"wp:term":[{"taxonomy":"product_brand","embeddable":true,"href":"https:\/\/qiqinvestigacioneseducativas.com\/libreria\/wp-json\/wp\/v2\/product_brand?post=177"},{"taxonomy":"product_cat","embeddable":true,"href":"https:\/\/qiqinvestigacioneseducativas.com\/libreria\/wp-json\/wp\/v2\/product_cat?post=177"},{"taxonomy":"product_tag","embeddable":true,"href":"https:\/\/qiqinvestigacioneseducativas.com\/libreria\/wp-json\/wp\/v2\/product_tag?post=177"}],"curies":[{"name":"wp","href":"https:\/\/api.w.org\/{rel}","templated":true}]}}